{"id":147,"date":"2019-02-06T10:23:44","date_gmt":"2019-02-06T10:23:44","guid":{"rendered":"http:\/\/www.grupoaljema.es\/?page_id=147"},"modified":"2019-02-06T10:25:56","modified_gmt":"2019-02-06T10:25:56","slug":"plantas","status":"publish","type":"page","link":"http:\/\/www.grupoaljema.es\/?page_id=147","title":{"rendered":"Planta Casas de Juan Nu\u00f1ez"},"content":{"rendered":"<p style=\"text-align: left;\">Denominaci\u00f3n: HORMIGONES RELOSA &#8211; PLANTA CASAS DE JUAN NU\u00d1EZ\r\nDirecci\u00f3n: Ctra. Albacete \u2013 Ayora CM-332 \u2013 P.K. 22\r\nLocalidad: Casas de Juan Nu\u00f1ez\r\nProvincia: Albacete\r\nTel\u00e9fono: 628 012 306<\/p>\r\n&nbsp;\r\n<p style=\"text-align: left;\"><iframe loading=\"lazy\" src=\"https:\/\/maps.google.es\/maps\/ms?hl=es&amp;ie=UTF8&amp;t=h&amp;msa=0&amp;msid=213281785086156397660.00049e22cb6d4e7357f34&amp;ll=39.082506,-1.578941&amp;spn=0.06396,0.109863&amp;z=13&amp;output=embed\" width=\"800\" height=\"600\" frameborder=\"0\" marginwidth=\"0\" marginheight=\"0\" scrolling=\"no\"><\/iframe>\r\n<small>Ver <a style=\"color: #0000ff; text-align: left;\" href=\"https:\/\/maps.google.es\/maps\/ms?hl=es&amp;ie=UTF8&amp;t=h&amp;msa=0&amp;msid=213281785086156397660.00049e22cb6d4e7357f34&amp;ll=39.082506,-1.578941&amp;spn=0.06396,0.109863&amp;z=13&amp;source=embed\">Hormigones Grupo Relosa &#8211; Planta Casas de Juan N\u00fa\u00f1ez<\/a> en un mapa m\u00e1s grande<\/small><\/p>\r\n<!-- \/wp:post-content -->","protected":false},"excerpt":{"rendered":"<p>Denominaci\u00f3n: HORMIGONES RELOSA &#8211; PLANTA CASAS DE JUAN NU\u00d1EZ Direcci\u00f3n: Ctra. Albacete \u2013 Ayora CM-332 \u2013 P.K. 22 Localidad: Casas de Juan Nu\u00f1ez Provincia: Albacete Tel\u00e9fono: 628 012 306 &nbsp; Ver Hormigones Grupo Relosa &#8211; Planta Casas de Juan N\u00fa\u00f1ez en un mapa m\u00e1s grande<\/p>\n","protected":false},"author":1,"featured_media":0,"parent":0,"menu_order":0,"comment_status":"closed","ping_status":"closed","template":"","meta":{"footnotes":""},"class_list":["post-147","page","type-page","status-publish","hentry","description-off"],"_links":{"self":[{"href":"http:\/\/www.grupoaljema.es\/index.php?rest_route=\/wp\/v2\/pages\/147","targetHints":{"allow":["GET"]}}],"collection":[{"href":"http:\/\/www.grupoaljema.es\/index.php?rest_route=\/wp\/v2\/pages"}],"about":[{"href":"http:\/\/www.grupoaljema.es\/index.php?rest_route=\/wp\/v2\/types\/page"}],"author":[{"embeddable":true,"href":"http:\/\/www.grupoaljema.es\/index.php?rest_route=\/wp\/v2\/users\/1"}],"replies":[{"embeddable":true,"href":"http:\/\/www.grupoaljema.es\/index.php?rest_route=%2Fwp%2Fv2%2Fcomments&post=147"}],"version-history":[{"count":6,"href":"http:\/\/www.grupoaljema.es\/index.php?rest_route=\/wp\/v2\/pages\/147\/revisions"}],"predecessor-version":[{"id":166,"href":"http:\/\/www.grupoaljema.es\/index.php?rest_route=\/wp\/v2\/pages\/147\/revisions\/166"}],"wp:attachment":[{"href":"http:\/\/www.grupoaljema.es\/index.php?rest_route=%2Fwp%2Fv2%2Fmedia&parent=147"}],"curies":[{"name":"wp","href":"https:\/\/api.w.org\/{rel}","templated":true}]}}