{"id":238,"date":"2019-03-11T08:50:52","date_gmt":"2019-03-11T08:50:52","guid":{"rendered":"http:\/\/www.grupoaljema.es\/?page_id=238"},"modified":"2019-03-11T08:50:52","modified_gmt":"2019-03-11T08:50:52","slug":"planta-cehegin-4","status":"publish","type":"page","link":"http:\/\/www.grupoaljema.es\/?page_id=238","title":{"rendered":"Planta de Lorqu\u00ed"},"content":{"rendered":"<p>Denominaci\u00f3n: HORMIGONES RELOSA &#8211; PLANTA LORQUI<br \/>\nDirecci\u00f3n: Pol\u00edgono Industrial Lorqu\u00ed \u2013 Parcela A4<br \/>\nLocalidad: Lorqu\u00ed<br \/>\nProvincia: Murcia<br \/>\nTel\u00e9fono: 968 693 760<\/p>\n<p><<iframe loading=\"lazy\" src=\"https:\/\/www.google.com\/maps\/d\/u\/2\/embed?mid=1k8dTi5QZR6EupBjp2EyaciH650mcWQZk\" width=\"800\" height=\"600\"><\/iframe><\/p>\n","protected":false},"excerpt":{"rendered":"<p>Denominaci\u00f3n: HORMIGONES RELOSA &#8211; PLANTA LORQUI Direcci\u00f3n: Pol\u00edgono Industrial Lorqu\u00ed \u2013 Parcela A4 Localidad: Lorqu\u00ed Provincia: Murcia Tel\u00e9fono: 968 693 760<\/p>\n","protected":false},"author":1,"featured_media":0,"parent":190,"menu_order":0,"comment_status":"closed","ping_status":"closed","template":"","meta":{"footnotes":""},"class_list":["post-238","page","type-page","status-publish","hentry","description-off"],"_links":{"self":[{"href":"http:\/\/www.grupoaljema.es\/index.php?rest_route=\/wp\/v2\/pages\/238","targetHints":{"allow":["GET"]}}],"collection":[{"href":"http:\/\/www.grupoaljema.es\/index.php?rest_route=\/wp\/v2\/pages"}],"about":[{"href":"http:\/\/www.grupoaljema.es\/index.php?rest_route=\/wp\/v2\/types\/page"}],"author":[{"embeddable":true,"href":"http:\/\/www.grupoaljema.es\/index.php?rest_route=\/wp\/v2\/users\/1"}],"replies":[{"embeddable":true,"href":"http:\/\/www.grupoaljema.es\/index.php?rest_route=%2Fwp%2Fv2%2Fcomments&post=238"}],"version-history":[{"count":2,"href":"http:\/\/www.grupoaljema.es\/index.php?rest_route=\/wp\/v2\/pages\/238\/revisions"}],"predecessor-version":[{"id":240,"href":"http:\/\/www.grupoaljema.es\/index.php?rest_route=\/wp\/v2\/pages\/238\/revisions\/240"}],"up":[{"embeddable":true,"href":"http:\/\/www.grupoaljema.es\/index.php?rest_route=\/wp\/v2\/pages\/190"}],"wp:attachment":[{"href":"http:\/\/www.grupoaljema.es\/index.php?rest_route=%2Fwp%2Fv2%2Fmedia&parent=238"}],"curies":[{"name":"wp","href":"https:\/\/api.w.org\/{rel}","templated":true}]}}