{"id":241,"date":"2019-03-11T08:54:18","date_gmt":"2019-03-11T08:54:18","guid":{"rendered":"http:\/\/www.grupoaljema.es\/?page_id=241"},"modified":"2019-03-11T08:54:18","modified_gmt":"2019-03-11T08:54:18","slug":"planta-cehegin-4-2","status":"publish","type":"page","link":"http:\/\/www.grupoaljema.es\/?page_id=241","title":{"rendered":"Planta de La Uni\u00f3n"},"content":{"rendered":"<p>Denominaci\u00f3n: HORMIGONES RELOSA &#8211; PLANTA LA UNI\u00d3N<br \/>\nDirecci\u00f3n: Pol\u00edgono Industrial Lazareto<br \/>\nLocalidad: La Uni\u00f3n<br \/>\nProvincia: Murcia<br \/>\nTel\u00e9fono: 968 54 09 26<\/p>\n<p><iframe loading=\"lazy\" src=\"https:\/\/www.google.com\/maps\/d\/u\/2\/embed?mid=1_Xvnvt-16EKeULxGGA5w1k04TKVVtuFc\" width=\"800\" height=\"600\"><\/iframe><\/p>\n","protected":false},"excerpt":{"rendered":"<p>Denominaci\u00f3n: HORMIGONES RELOSA &#8211; PLANTA LA UNI\u00d3N Direcci\u00f3n: Pol\u00edgono Industrial Lazareto Localidad: La Uni\u00f3n Provincia: Murcia Tel\u00e9fono: 968 54 09 26<\/p>\n","protected":false},"author":1,"featured_media":0,"parent":190,"menu_order":0,"comment_status":"closed","ping_status":"closed","template":"","meta":{"footnotes":""},"class_list":["post-241","page","type-page","status-publish","hentry","description-off"],"_links":{"self":[{"href":"http:\/\/www.grupoaljema.es\/index.php?rest_route=\/wp\/v2\/pages\/241","targetHints":{"allow":["GET"]}}],"collection":[{"href":"http:\/\/www.grupoaljema.es\/index.php?rest_route=\/wp\/v2\/pages"}],"about":[{"href":"http:\/\/www.grupoaljema.es\/index.php?rest_route=\/wp\/v2\/types\/page"}],"author":[{"embeddable":true,"href":"http:\/\/www.grupoaljema.es\/index.php?rest_route=\/wp\/v2\/users\/1"}],"replies":[{"embeddable":true,"href":"http:\/\/www.grupoaljema.es\/index.php?rest_route=%2Fwp%2Fv2%2Fcomments&post=241"}],"version-history":[{"count":2,"href":"http:\/\/www.grupoaljema.es\/index.php?rest_route=\/wp\/v2\/pages\/241\/revisions"}],"predecessor-version":[{"id":243,"href":"http:\/\/www.grupoaljema.es\/index.php?rest_route=\/wp\/v2\/pages\/241\/revisions\/243"}],"up":[{"embeddable":true,"href":"http:\/\/www.grupoaljema.es\/index.php?rest_route=\/wp\/v2\/pages\/190"}],"wp:attachment":[{"href":"http:\/\/www.grupoaljema.es\/index.php?rest_route=%2Fwp%2Fv2%2Fmedia&parent=241"}],"curies":[{"name":"wp","href":"https:\/\/api.w.org\/{rel}","templated":true}]}}